{"id":61,"date":"2025-03-07T15:46:48","date_gmt":"2025-03-07T14:46:48","guid":{"rendered":"https:\/\/koledzyzradia.pl\/?page_id=61"},"modified":"2025-03-08T10:34:12","modified_gmt":"2025-03-08T09:34:12","slug":"o-nas","status":"publish","type":"page","link":"http:\/\/koledzyzradia.pl\/?page_id=61","title":{"rendered":"O Nas"},"content":{"rendered":"<p>Koledzyzradia.pl to spo\u0142eczno\u015b\u0107 kr\u00f3tkofalowc\u00f3w, kt\u00f3rych \u0142\u0105czy wsp\u00f3lna pasja do radia, niezale\u017cnie od miejsca zamieszkania czy wykonywanego zawodu. Ka\u017cdy z nas pracuje w innej bran\u017cy, ale na falach eteru spotykamy si\u0119, by dzieli\u0107 si\u0119 wiedz\u0105, do\u015bwiadczeniem i zami\u0142owaniem do \u0142\u0105czno\u015bci radiowej.<\/p>\n<p>Nasza grupa sk\u0142ada si\u0119 z czterech os\u00f3b, jednak z otwartymi ramionami przyjmiemy ka\u017cdego, kto podziela nasz\u0105 pasj\u0119 i chce do\u0142\u0105czy\u0107 do wsp\u00f3lnej przygody.<\/p>\n<p>Dzia\u0142amy na pasmach KF, VHF i UHF, korzystaj\u0105c zar\u00f3wno z emisji analogowych, jak i cyfrowych takich jak DMR, D-STAR i C4FM. W ramach naszej dzia\u0142alno\u015bci rozwijamy w\u0142asny serwer cyfrowy XLX i REF, kt\u00f3ry \u0142\u0105czy r\u00f3\u017cne systemy i u\u0142atwia prowadzenie \u0142\u0105czno\u015bci na ca\u0142ym \u015bwiecie. W przysz\u0142o\u015bci mamy w planach uruchomienie fizycznego przemiennika.<\/p>\n<p>Tworzymy przyjazne miejsce, gdzie ka\u017cdy \u2013 niezale\u017cnie od do\u015bwiadczenia \u2013 znajdzie wsparcie, inspiracj\u0119 i koleg\u00f3w z radia.<br \/>\nZapraszamy na nasze cz\u0119stotliwo\u015bci i do cyfrowych sieci Koledzyzradia.pl!<\/p>\n<p>Nasz email kontaktowy: info@koledzyzradia.pl<\/p>\n<p>&nbsp;<\/p>\n","protected":false},"excerpt":{"rendered":"<p>Koledzyzradia.pl to spo\u0142eczno\u015b\u0107 kr\u00f3tkofalowc\u00f3w, kt\u00f3rych \u0142\u0105czy wsp\u00f3lna pasja do radia, niezale\u017cnie od miejsca zamieszkania czy wykonywanego zawodu. Ka\u017cdy z nas pracuje w innej bran\u017cy, ale na falach eteru spotykamy si\u0119, by dzieli\u0107 si\u0119 wiedz\u0105, do\u015bwiadczeniem i zami\u0142owaniem do \u0142\u0105czno\u015bci radiowej. Nasza grupa sk\u0142ada si\u0119 z czterech os\u00f3b, jednak z otwartymi ramionami przyjmiemy ka\u017cdego, kto podziela [&hellip;]<\/p>\n","protected":false},"author":1,"featured_media":0,"parent":0,"menu_order":0,"comment_status":"closed","ping_status":"closed","template":"","meta":{"_bbp_topic_count":0,"_bbp_reply_count":0,"_bbp_total_topic_count":0,"_bbp_total_reply_count":0,"_bbp_voice_count":0,"_bbp_anonymous_reply_count":0,"_bbp_topic_count_hidden":0,"_bbp_reply_count_hidden":0,"_bbp_forum_subforum_count":0,"footnotes":""},"class_list":["post-61","page","type-page","status-publish","hentry"],"yoast_head":"<!-- This site is optimized with the Yoast SEO plugin v27.4 - https:\/\/yoast.com\/product\/yoast-seo-wordpress\/ -->\n<title>O Nas - koledzyzradia.pl<\/title>\n<meta name=\"robots\" content=\"index, follow, max-snippet:-1, max-image-preview:large, max-video-preview:-1\" \/>\n<link rel=\"canonical\" href=\"https:\/\/koledzyzradia.pl\/?page_id=61\" \/>\n<meta property=\"og:locale\" content=\"pl_PL\" \/>\n<meta property=\"og:type\" content=\"article\" \/>\n<meta property=\"og:title\" content=\"O Nas - koledzyzradia.pl\" \/>\n<meta property=\"og:description\" content=\"Koledzyzradia.pl to spo\u0142eczno\u015b\u0107 kr\u00f3tkofalowc\u00f3w, kt\u00f3rych \u0142\u0105czy wsp\u00f3lna pasja do radia, niezale\u017cnie od miejsca zamieszkania czy wykonywanego zawodu. Ka\u017cdy z nas pracuje w innej bran\u017cy, ale na falach eteru spotykamy si\u0119, by dzieli\u0107 si\u0119 wiedz\u0105, do\u015bwiadczeniem i zami\u0142owaniem do \u0142\u0105czno\u015bci radiowej. Nasza grupa sk\u0142ada si\u0119 z czterech os\u00f3b, jednak z otwartymi ramionami przyjmiemy ka\u017cdego, kto podziela [&hellip;]\" \/>\n<meta property=\"og:url\" content=\"https:\/\/koledzyzradia.pl\/?page_id=61\" \/>\n<meta property=\"og:site_name\" content=\"koledzyzradia.pl\" \/>\n<meta property=\"article:modified_time\" content=\"2025-03-08T09:34:12+00:00\" \/>\n<meta name=\"twitter:card\" content=\"summary_large_image\" \/>\n<meta name=\"twitter:label1\" content=\"Szacowany czas czytania\" \/>\n\t<meta name=\"twitter:data1\" content=\"1 minuta\" \/>\n<script type=\"application\/ld+json\" class=\"yoast-schema-graph\">{\"@context\":\"https:\\\/\\\/schema.org\",\"@graph\":[{\"@type\":\"WebPage\",\"@id\":\"https:\\\/\\\/koledzyzradia.pl\\\/?page_id=61\",\"url\":\"https:\\\/\\\/koledzyzradia.pl\\\/?page_id=61\",\"name\":\"O Nas - koledzyzradia.pl\",\"isPartOf\":{\"@id\":\"https:\\\/\\\/koledzyzradia.pl\\\/#website\"},\"datePublished\":\"2025-03-07T14:46:48+00:00\",\"dateModified\":\"2025-03-08T09:34:12+00:00\",\"breadcrumb\":{\"@id\":\"https:\\\/\\\/koledzyzradia.pl\\\/?page_id=61#breadcrumb\"},\"inLanguage\":\"pl-PL\",\"potentialAction\":[{\"@type\":\"ReadAction\",\"target\":[\"https:\\\/\\\/koledzyzradia.pl\\\/?page_id=61\"]}]},{\"@type\":\"BreadcrumbList\",\"@id\":\"https:\\\/\\\/koledzyzradia.pl\\\/?page_id=61#breadcrumb\",\"itemListElement\":[{\"@type\":\"ListItem\",\"position\":1,\"name\":\"Home\",\"item\":\"https:\\\/\\\/koledzyzradia.pl\\\/\"},{\"@type\":\"ListItem\",\"position\":2,\"name\":\"O Nas\"}]},{\"@type\":\"WebSite\",\"@id\":\"https:\\\/\\\/koledzyzradia.pl\\\/#website\",\"url\":\"https:\\\/\\\/koledzyzradia.pl\\\/\",\"name\":\"koledzyzradia.pl\",\"description\":\"KoledzyzRadia.pl \u2013 pasja, technologia i \u0142\u0105czno\u015b\u0107 bez granic\",\"publisher\":{\"@id\":\"https:\\\/\\\/koledzyzradia.pl\\\/#organization\"},\"potentialAction\":[{\"@type\":\"SearchAction\",\"target\":{\"@type\":\"EntryPoint\",\"urlTemplate\":\"https:\\\/\\\/koledzyzradia.pl\\\/?s={search_term_string}\"},\"query-input\":{\"@type\":\"PropertyValueSpecification\",\"valueRequired\":true,\"valueName\":\"search_term_string\"}}],\"inLanguage\":\"pl-PL\"},{\"@type\":\"Organization\",\"@id\":\"https:\\\/\\\/koledzyzradia.pl\\\/#organization\",\"name\":\"koledzyzradia.pl\",\"url\":\"https:\\\/\\\/koledzyzradia.pl\\\/\",\"logo\":{\"@type\":\"ImageObject\",\"inLanguage\":\"pl-PL\",\"@id\":\"https:\\\/\\\/koledzyzradia.pl\\\/#\\\/schema\\\/logo\\\/image\\\/\",\"url\":\"http:\\\/\\\/koledzyzradia.pl\\\/wp-content\\\/uploads\\\/2025\\\/10\\\/cropped-logo-2.png\",\"contentUrl\":\"http:\\\/\\\/koledzyzradia.pl\\\/wp-content\\\/uploads\\\/2025\\\/10\\\/cropped-logo-2.png\",\"width\":500,\"height\":250,\"caption\":\"koledzyzradia.pl\"},\"image\":{\"@id\":\"https:\\\/\\\/koledzyzradia.pl\\\/#\\\/schema\\\/logo\\\/image\\\/\"}}]}<\/script>\n<!-- \/ Yoast SEO plugin. -->","yoast_head_json":{"title":"O Nas - koledzyzradia.pl","robots":{"index":"index","follow":"follow","max-snippet":"max-snippet:-1","max-image-preview":"max-image-preview:large","max-video-preview":"max-video-preview:-1"},"canonical":"https:\/\/koledzyzradia.pl\/?page_id=61","og_locale":"pl_PL","og_type":"article","og_title":"O Nas - koledzyzradia.pl","og_description":"Koledzyzradia.pl to spo\u0142eczno\u015b\u0107 kr\u00f3tkofalowc\u00f3w, kt\u00f3rych \u0142\u0105czy wsp\u00f3lna pasja do radia, niezale\u017cnie od miejsca zamieszkania czy wykonywanego zawodu. Ka\u017cdy z nas pracuje w innej bran\u017cy, ale na falach eteru spotykamy si\u0119, by dzieli\u0107 si\u0119 wiedz\u0105, do\u015bwiadczeniem i zami\u0142owaniem do \u0142\u0105czno\u015bci radiowej. Nasza grupa sk\u0142ada si\u0119 z czterech os\u00f3b, jednak z otwartymi ramionami przyjmiemy ka\u017cdego, kto podziela [&hellip;]","og_url":"https:\/\/koledzyzradia.pl\/?page_id=61","og_site_name":"koledzyzradia.pl","article_modified_time":"2025-03-08T09:34:12+00:00","twitter_card":"summary_large_image","twitter_misc":{"Szacowany czas czytania":"1 minuta"},"schema":{"@context":"https:\/\/schema.org","@graph":[{"@type":"WebPage","@id":"https:\/\/koledzyzradia.pl\/?page_id=61","url":"https:\/\/koledzyzradia.pl\/?page_id=61","name":"O Nas - koledzyzradia.pl","isPartOf":{"@id":"https:\/\/koledzyzradia.pl\/#website"},"datePublished":"2025-03-07T14:46:48+00:00","dateModified":"2025-03-08T09:34:12+00:00","breadcrumb":{"@id":"https:\/\/koledzyzradia.pl\/?page_id=61#breadcrumb"},"inLanguage":"pl-PL","potentialAction":[{"@type":"ReadAction","target":["https:\/\/koledzyzradia.pl\/?page_id=61"]}]},{"@type":"BreadcrumbList","@id":"https:\/\/koledzyzradia.pl\/?page_id=61#breadcrumb","itemListElement":[{"@type":"ListItem","position":1,"name":"Home","item":"https:\/\/koledzyzradia.pl\/"},{"@type":"ListItem","position":2,"name":"O Nas"}]},{"@type":"WebSite","@id":"https:\/\/koledzyzradia.pl\/#website","url":"https:\/\/koledzyzradia.pl\/","name":"koledzyzradia.pl","description":"KoledzyzRadia.pl \u2013 pasja, technologia i \u0142\u0105czno\u015b\u0107 bez granic","publisher":{"@id":"https:\/\/koledzyzradia.pl\/#organization"},"potentialAction":[{"@type":"SearchAction","target":{"@type":"EntryPoint","urlTemplate":"https:\/\/koledzyzradia.pl\/?s={search_term_string}"},"query-input":{"@type":"PropertyValueSpecification","valueRequired":true,"valueName":"search_term_string"}}],"inLanguage":"pl-PL"},{"@type":"Organization","@id":"https:\/\/koledzyzradia.pl\/#organization","name":"koledzyzradia.pl","url":"https:\/\/koledzyzradia.pl\/","logo":{"@type":"ImageObject","inLanguage":"pl-PL","@id":"https:\/\/koledzyzradia.pl\/#\/schema\/logo\/image\/","url":"http:\/\/koledzyzradia.pl\/wp-content\/uploads\/2025\/10\/cropped-logo-2.png","contentUrl":"http:\/\/koledzyzradia.pl\/wp-content\/uploads\/2025\/10\/cropped-logo-2.png","width":500,"height":250,"caption":"koledzyzradia.pl"},"image":{"@id":"https:\/\/koledzyzradia.pl\/#\/schema\/logo\/image\/"}}]}},"_links":{"self":[{"href":"http:\/\/koledzyzradia.pl\/index.php?rest_route=\/wp\/v2\/pages\/61","targetHints":{"allow":["GET"]}}],"collection":[{"href":"http:\/\/koledzyzradia.pl\/index.php?rest_route=\/wp\/v2\/pages"}],"about":[{"href":"http:\/\/koledzyzradia.pl\/index.php?rest_route=\/wp\/v2\/types\/page"}],"author":[{"embeddable":true,"href":"http:\/\/koledzyzradia.pl\/index.php?rest_route=\/wp\/v2\/users\/1"}],"replies":[{"embeddable":true,"href":"http:\/\/koledzyzradia.pl\/index.php?rest_route=%2Fwp%2Fv2%2Fcomments&post=61"}],"version-history":[{"count":0,"href":"http:\/\/koledzyzradia.pl\/index.php?rest_route=\/wp\/v2\/pages\/61\/revisions"}],"wp:attachment":[{"href":"http:\/\/koledzyzradia.pl\/index.php?rest_route=%2Fwp%2Fv2%2Fmedia&parent=61"}],"curies":[{"name":"wp","href":"https:\/\/api.w.org\/{rel}","templated":true}]}}