{"id":237,"date":"2025-09-08T11:39:44","date_gmt":"2025-09-08T09:39:44","guid":{"rendered":"https:\/\/koledzyzradia.pl\/?page_id=237"},"modified":"2025-09-19T10:52:01","modified_gmt":"2025-09-19T08:52:01","slug":"login","status":"publish","type":"page","link":"http:\/\/koledzyzradia.pl\/?page_id=237","title":{"rendered":"Login"},"content":{"rendered":"<h3>\ud83d\udd11 Logowanie<\/h3>\n\n<form method=\"post\" action=\"http:\/\/koledzyzradia.pl\/wp-login.php\" class=\"bbp-login-form\">\n\t<fieldset class=\"bbp-form\">\n\t\t<legend>Zaloguj si\u0119<\/legend>\n\n\t\t<div class=\"bbp-username\">\n\t\t\t<label for=\"user_login\">Nazwa u\u017cytkownika: <\/label>\n\t\t\t<input type=\"text\" name=\"log\" value=\"\" size=\"20\" maxlength=\"100\" id=\"user_login\" autocomplete=\"off\" \/>\n\t\t<\/div>\n\n\t\t<div class=\"bbp-password\">\n\t\t\t<label for=\"user_pass\">Has\u0142o: <\/label>\n\t\t\t<input type=\"password\" name=\"pwd\" value=\"\" size=\"20\" id=\"user_pass\" autocomplete=\"off\" \/>\n\t\t<\/div>\n\n\t\t<div class=\"bbp-remember-me\">\n\t\t\t<input type=\"checkbox\" name=\"rememberme\" value=\"forever\"  id=\"rememberme\" \/>\n\t\t\t<label for=\"rememberme\">Nie wylogowuj mnie<\/label>\n\t\t<\/div>\n\n\t\t\n\t\t<div class=\"bbp-submit-wrapper\">\n\n\t\t\t<button type=\"submit\" name=\"user-submit\" id=\"user-submit\" class=\"button submit user-submit\">Zaloguj si\u0119<\/button>\n\n\t\t\t\n\t<input type=\"hidden\" name=\"user-cookie\" value=\"1\" \/>\n\n\t<input type=\"hidden\" id=\"bbp_redirect_to\" name=\"redirect_to\" value=\"http:\/\/koledzyzradia.pl\/index.php?rest_route=%2Fwp%2Fv2%2Fpages%2F237\" \/><input type=\"hidden\" id=\"_wpnonce\" name=\"_wpnonce\" value=\"fcd80a1d01\" \/><input type=\"hidden\" name=\"_wp_http_referer\" value=\"\/index.php?rest_route=%2Fwp%2Fv2%2Fpages%2F237\" \/>\n\t\t<\/div>\n\t<\/fieldset>\n<\/form>\n\n<h3>\ud83d\udcdd Rejestracja znakiem kr\u00f3tkofalarskim<\/h3>\n\n<form method=\"post\" action=\"http:\/\/koledzyzradia.pl\/wp-login.php\" class=\"bbp-login-form\">\n\t<fieldset class=\"bbp-form\">\n\t\t<legend>Utw\u00f3rz konto<\/legend>\n\n\t\t\n\t\t<div class=\"bbp-template-notice\">\n\t\t\t<ul>\n\t\t\t\t<li>Twoja nazwa u\u017cytkownika musi by\u0107 unikalna, i nie mo\u017ce zosta\u0107 zmieniona p\u00f3\u017aniej.<\/li>\n\t\t\t\t<li>Korzystamy z adresu e-mail by bezpiecznie wys\u0142a\u0107 ci has\u0142o i zweryfikowa\u0107 konto.<\/li>\n\t\t\t<\/ul>\n\t\t<\/div>\n\n\t\t<div class=\"bbp-username\">\n\t\t\t<label for=\"user_login\">Nazwa u\u017cytkownika: <\/label>\n\t\t\t<input type=\"text\" name=\"user_login\" value=\"\" size=\"20\" id=\"user_login\" maxlength=\"100\" autocomplete=\"off\" \/>\n\t\t<\/div>\n\n\t\t<div class=\"bbp-email\">\n\t\t\t<label for=\"user_email\">E-mail: <\/label>\n\t\t\t<input type=\"text\" name=\"user_email\" value=\"\" size=\"20\" id=\"user_email\" maxlength=\"100\" autocomplete=\"off\" \/>\n\t\t<\/div>\n\n\t\t\n\t\t<div class=\"bbp-submit-wrapper\">\n\n\t\t\t<button type=\"submit\" name=\"user-submit\" class=\"button submit user-submit\">Zarejestruj si\u0119<\/button>\n\n\t\t\t\n\t<input type=\"hidden\" name=\"action\"      value=\"register\" \/>\n\t<input type=\"hidden\" name=\"user-cookie\" value=\"1\" \/>\n\n\t<input type=\"hidden\" id=\"bbp_redirect_to\" name=\"redirect_to\" value=\"?checkemail=registered\" \/><input type=\"hidden\" id=\"_wpnonce\" name=\"_wpnonce\" value=\"91127ee18f\" \/><input type=\"hidden\" name=\"_wp_http_referer\" value=\"\/index.php?rest_route=%2Fwp%2Fv2%2Fpages%2F237\" \/>\n\t\t<\/div>\n\n\t\t\n\t<\/fieldset>\n<\/form>\n\n<h3>\u2753 Reset has\u0142a<\/h3>\n\n<form method=\"post\" action=\"http:\/\/koledzyzradia.pl\/wp-login.php?action=lostpassword\" class=\"bbp-login-form\">\n\t<fieldset class=\"bbp-form\">\n\t\t<legend>Zapomniane has\u0142o<\/legend>\n\n\t\t<div class=\"bbp-username\">\n\t\t\t<p>\n\t\t\t\t<label for=\"user_login\" class=\"hide\">Nazwa u\u017cytkownika lub adres e-mail: <\/label>\n\t\t\t\t<input type=\"text\" name=\"user_login\" value=\"\" size=\"20\" id=\"user_login\" maxlength=\"100\" autocomplete=\"off\" \/>\n\t\t\t<\/p>\n\t\t<\/div>\n\n\t\t\n\t\t<div class=\"bbp-submit-wrapper\">\n\n\t\t\t<button type=\"submit\" name=\"user-submit\" class=\"button submit user-submit\">Resetuj has\u0142o<\/button>\n\n\t\t\t\n\t<input type=\"hidden\" name=\"user-cookie\" value=\"1\" \/>\n\n\t<input type=\"hidden\" id=\"bbp_redirect_to\" name=\"redirect_to\" value=\"http:\/\/koledzyzradia.pl\/?page_id=237&#038;checkemail=confirm\" \/><input type=\"hidden\" id=\"_wpnonce\" name=\"_wpnonce\" value=\"90812d85e3\" \/><input type=\"hidden\" name=\"_wp_http_referer\" value=\"\/index.php?rest_route=%2Fwp%2Fv2%2Fpages%2F237\" \/>\n\t\t<\/div>\n\t<\/fieldset>\n<\/form>\n\n<hr \/>\n<p><strong>Konto na forum<\/strong><\/p>\n<p><a href=\"\/?page_id=237\">\u27a1 Strona logowania \/ rejestracji<\/a><br \/>\n<a href=\"\/wp-login.php?action=lostpassword\">\u27a1 Reset has\u0142a<\/a><\/p>\n","protected":false},"excerpt":{"rendered":"<p>\ud83d\udd11 Logowanie \ud83d\udcdd Rejestracja znakiem kr\u00f3tkofalarskim \u2753 Reset has\u0142a Konto na forum \u27a1 Strona logowania \/ rejestracji \u27a1 Reset has\u0142a<\/p>\n","protected":false},"author":1,"featured_media":0,"parent":216,"menu_order":0,"comment_status":"closed","ping_status":"closed","template":"","meta":{"_bbp_topic_count":0,"_bbp_reply_count":0,"_bbp_total_topic_count":0,"_bbp_total_reply_count":0,"_bbp_voice_count":0,"_bbp_anonymous_reply_count":0,"_bbp_topic_count_hidden":0,"_bbp_reply_count_hidden":0,"_bbp_forum_subforum_count":0,"footnotes":""},"class_list":["post-237","page","type-page","status-publish","hentry"],"yoast_head":"<!-- This site is optimized with the Yoast SEO plugin v27.4 - https:\/\/yoast.com\/product\/yoast-seo-wordpress\/ -->\n<title>Login - koledzyzradia.pl<\/title>\n<meta name=\"robots\" content=\"index, follow, max-snippet:-1, max-image-preview:large, max-video-preview:-1\" \/>\n<link rel=\"canonical\" href=\"http:\/\/koledzyzradia.pl\/?page_id=237\" \/>\n<meta property=\"og:locale\" content=\"pl_PL\" \/>\n<meta property=\"og:type\" content=\"article\" \/>\n<meta property=\"og:title\" content=\"Login - koledzyzradia.pl\" \/>\n<meta property=\"og:description\" content=\"\ud83d\udd11 Logowanie \ud83d\udcdd Rejestracja znakiem kr\u00f3tkofalarskim \u2753 Reset has\u0142a Konto na forum \u27a1 Strona logowania \/ rejestracji \u27a1 Reset has\u0142a\" \/>\n<meta property=\"og:url\" content=\"http:\/\/koledzyzradia.pl\/?page_id=237\" \/>\n<meta property=\"og:site_name\" content=\"koledzyzradia.pl\" \/>\n<meta property=\"article:modified_time\" content=\"2025-09-19T08:52:01+00:00\" \/>\n<meta name=\"twitter:card\" content=\"summary_large_image\" \/>\n<meta name=\"twitter:label1\" content=\"Szacowany czas czytania\" \/>\n\t<meta name=\"twitter:data1\" content=\"1 minuta\" \/>\n<script type=\"application\/ld+json\" class=\"yoast-schema-graph\">{\"@context\":\"https:\\\/\\\/schema.org\",\"@graph\":[{\"@type\":\"WebPage\",\"@id\":\"http:\\\/\\\/koledzyzradia.pl\\\/?page_id=237\",\"url\":\"http:\\\/\\\/koledzyzradia.pl\\\/?page_id=237\",\"name\":\"Login - koledzyzradia.pl\",\"isPartOf\":{\"@id\":\"https:\\\/\\\/koledzyzradia.pl\\\/#website\"},\"datePublished\":\"2025-09-08T09:39:44+00:00\",\"dateModified\":\"2025-09-19T08:52:01+00:00\",\"breadcrumb\":{\"@id\":\"http:\\\/\\\/koledzyzradia.pl\\\/?page_id=237#breadcrumb\"},\"inLanguage\":\"pl-PL\",\"potentialAction\":[{\"@type\":\"ReadAction\",\"target\":[\"http:\\\/\\\/koledzyzradia.pl\\\/?page_id=237\"]}]},{\"@type\":\"BreadcrumbList\",\"@id\":\"http:\\\/\\\/koledzyzradia.pl\\\/?page_id=237#breadcrumb\",\"itemListElement\":[{\"@type\":\"ListItem\",\"position\":1,\"name\":\"Home\",\"item\":\"https:\\\/\\\/koledzyzradia.pl\\\/\"},{\"@type\":\"ListItem\",\"position\":2,\"name\":\"Forum\",\"item\":\"https:\\\/\\\/koledzyzradia.pl\\\/?page_id=216\"},{\"@type\":\"ListItem\",\"position\":3,\"name\":\"Login\"}]},{\"@type\":\"WebSite\",\"@id\":\"https:\\\/\\\/koledzyzradia.pl\\\/#website\",\"url\":\"https:\\\/\\\/koledzyzradia.pl\\\/\",\"name\":\"koledzyzradia.pl\",\"description\":\"KoledzyzRadia.pl \u2013 pasja, technologia i \u0142\u0105czno\u015b\u0107 bez granic\",\"publisher\":{\"@id\":\"https:\\\/\\\/koledzyzradia.pl\\\/#organization\"},\"potentialAction\":[{\"@type\":\"SearchAction\",\"target\":{\"@type\":\"EntryPoint\",\"urlTemplate\":\"https:\\\/\\\/koledzyzradia.pl\\\/?s={search_term_string}\"},\"query-input\":{\"@type\":\"PropertyValueSpecification\",\"valueRequired\":true,\"valueName\":\"search_term_string\"}}],\"inLanguage\":\"pl-PL\"},{\"@type\":\"Organization\",\"@id\":\"https:\\\/\\\/koledzyzradia.pl\\\/#organization\",\"name\":\"koledzyzradia.pl\",\"url\":\"https:\\\/\\\/koledzyzradia.pl\\\/\",\"logo\":{\"@type\":\"ImageObject\",\"inLanguage\":\"pl-PL\",\"@id\":\"https:\\\/\\\/koledzyzradia.pl\\\/#\\\/schema\\\/logo\\\/image\\\/\",\"url\":\"http:\\\/\\\/koledzyzradia.pl\\\/wp-content\\\/uploads\\\/2025\\\/10\\\/cropped-logo-2.png\",\"contentUrl\":\"http:\\\/\\\/koledzyzradia.pl\\\/wp-content\\\/uploads\\\/2025\\\/10\\\/cropped-logo-2.png\",\"width\":500,\"height\":250,\"caption\":\"koledzyzradia.pl\"},\"image\":{\"@id\":\"https:\\\/\\\/koledzyzradia.pl\\\/#\\\/schema\\\/logo\\\/image\\\/\"}}]}<\/script>\n<!-- \/ Yoast SEO plugin. -->","yoast_head_json":{"title":"Login - koledzyzradia.pl","robots":{"index":"index","follow":"follow","max-snippet":"max-snippet:-1","max-image-preview":"max-image-preview:large","max-video-preview":"max-video-preview:-1"},"canonical":"http:\/\/koledzyzradia.pl\/?page_id=237","og_locale":"pl_PL","og_type":"article","og_title":"Login - koledzyzradia.pl","og_description":"\ud83d\udd11 Logowanie \ud83d\udcdd Rejestracja znakiem kr\u00f3tkofalarskim \u2753 Reset has\u0142a Konto na forum \u27a1 Strona logowania \/ rejestracji \u27a1 Reset has\u0142a","og_url":"http:\/\/koledzyzradia.pl\/?page_id=237","og_site_name":"koledzyzradia.pl","article_modified_time":"2025-09-19T08:52:01+00:00","twitter_card":"summary_large_image","twitter_misc":{"Szacowany czas czytania":"1 minuta"},"schema":{"@context":"https:\/\/schema.org","@graph":[{"@type":"WebPage","@id":"http:\/\/koledzyzradia.pl\/?page_id=237","url":"http:\/\/koledzyzradia.pl\/?page_id=237","name":"Login - koledzyzradia.pl","isPartOf":{"@id":"https:\/\/koledzyzradia.pl\/#website"},"datePublished":"2025-09-08T09:39:44+00:00","dateModified":"2025-09-19T08:52:01+00:00","breadcrumb":{"@id":"http:\/\/koledzyzradia.pl\/?page_id=237#breadcrumb"},"inLanguage":"pl-PL","potentialAction":[{"@type":"ReadAction","target":["http:\/\/koledzyzradia.pl\/?page_id=237"]}]},{"@type":"BreadcrumbList","@id":"http:\/\/koledzyzradia.pl\/?page_id=237#breadcrumb","itemListElement":[{"@type":"ListItem","position":1,"name":"Home","item":"https:\/\/koledzyzradia.pl\/"},{"@type":"ListItem","position":2,"name":"Forum","item":"https:\/\/koledzyzradia.pl\/?page_id=216"},{"@type":"ListItem","position":3,"name":"Login"}]},{"@type":"WebSite","@id":"https:\/\/koledzyzradia.pl\/#website","url":"https:\/\/koledzyzradia.pl\/","name":"koledzyzradia.pl","description":"KoledzyzRadia.pl \u2013 pasja, technologia i \u0142\u0105czno\u015b\u0107 bez granic","publisher":{"@id":"https:\/\/koledzyzradia.pl\/#organization"},"potentialAction":[{"@type":"SearchAction","target":{"@type":"EntryPoint","urlTemplate":"https:\/\/koledzyzradia.pl\/?s={search_term_string}"},"query-input":{"@type":"PropertyValueSpecification","valueRequired":true,"valueName":"search_term_string"}}],"inLanguage":"pl-PL"},{"@type":"Organization","@id":"https:\/\/koledzyzradia.pl\/#organization","name":"koledzyzradia.pl","url":"https:\/\/koledzyzradia.pl\/","logo":{"@type":"ImageObject","inLanguage":"pl-PL","@id":"https:\/\/koledzyzradia.pl\/#\/schema\/logo\/image\/","url":"http:\/\/koledzyzradia.pl\/wp-content\/uploads\/2025\/10\/cropped-logo-2.png","contentUrl":"http:\/\/koledzyzradia.pl\/wp-content\/uploads\/2025\/10\/cropped-logo-2.png","width":500,"height":250,"caption":"koledzyzradia.pl"},"image":{"@id":"https:\/\/koledzyzradia.pl\/#\/schema\/logo\/image\/"}}]}},"_links":{"self":[{"href":"http:\/\/koledzyzradia.pl\/index.php?rest_route=\/wp\/v2\/pages\/237","targetHints":{"allow":["GET"]}}],"collection":[{"href":"http:\/\/koledzyzradia.pl\/index.php?rest_route=\/wp\/v2\/pages"}],"about":[{"href":"http:\/\/koledzyzradia.pl\/index.php?rest_route=\/wp\/v2\/types\/page"}],"author":[{"embeddable":true,"href":"http:\/\/koledzyzradia.pl\/index.php?rest_route=\/wp\/v2\/users\/1"}],"replies":[{"embeddable":true,"href":"http:\/\/koledzyzradia.pl\/index.php?rest_route=%2Fwp%2Fv2%2Fcomments&post=237"}],"version-history":[{"count":0,"href":"http:\/\/koledzyzradia.pl\/index.php?rest_route=\/wp\/v2\/pages\/237\/revisions"}],"up":[{"embeddable":true,"href":"http:\/\/koledzyzradia.pl\/index.php?rest_route=\/wp\/v2\/pages\/216"}],"wp:attachment":[{"href":"http:\/\/koledzyzradia.pl\/index.php?rest_route=%2Fwp%2Fv2%2Fmedia&parent=237"}],"curies":[{"name":"wp","href":"https:\/\/api.w.org\/{rel}","templated":true}]}}